{"id":39,"date":"2024-11-02T17:12:43","date_gmt":"2024-11-02T17:12:43","guid":{"rendered":"https:\/\/spn-silesia.org\/index.php\/spn-silesia\/"},"modified":"2026-01-12T09:20:37","modified_gmt":"2026-01-12T09:20:37","slug":"spn-silesia","status":"publish","type":"page","link":"https:\/\/spn-silesia.org\/","title":{"rendered":"SPN SILESIA"},"content":{"rendered":"\n    \n    <section class=\"skrollable u-clearfix u-image u-parallax u-section-2\" id=\"sec-62c1\" data-image-width=\"2000\" data-image-height=\"1199\" style=\"background-image: url(&quot;https:\/\/spn-silesia.org\/wp-content\/uploads\/2024\/11\/cropped-people-1458971-1024x768-1.jpg&quot;);\">\n      <div class=\"u-align-center u-container-align-center u-container-style u-gradient u-group u-radius u-shape-round u-group-1\" data-animation-name=\"customAnimationIn\" data-animation-duration=\"1000\" data-animation-delay=\"0\">\n        <div class=\"u-container-layout u-container-layout-1\">\n          <h2 class=\"u-text u-text-1\" data-animation-name=\"customAnimationIn\" data-animation-duration=\"1000\" data-animation-delay=\"0\" data-animation-out=\"0\">Postaw na profesjonalizm i szanuj sw\u00f3j czas<br>ZG\u0141O\u015a SI\u0118 DO&nbsp;NASZEGO Stowarzyszenia \n          <\/h2>\n        <\/div>\n      <\/div>\n    <\/section>\n    <section class=\"u-clearfix u-section-3\" id=\"sec-09f6\">\n      <div class=\"u-clearfix u-sheet u-valign-middle u-sheet-1\">\n        <p class=\"u-align-justify u-text u-text-1\" data-animation-out=\"0\"> Jeste\u015bmy Stowarzyszeniem (biurem) z 27-sto\nletnim do\u015bwiadczeniem (od 1997) w zakresie zwrotu podatku w Niemczech i Austrii. \n\u015awiadczymy profesjonalne i&nbsp;rzetelne\nus\u0142ugi a dzi\u0119ki wiedzy i wieloletniemu do\u015bwiadczeniu odzyskujemy dla naszych\nklient\u00f3w wysokie zwroty nadp\u0142aconych podatk\u00f3w.\nOpinie o naszym stowarzyszeniu (biurze)\n\u015bwiadcz\u0105 o doskona\u0142ej jako\u015bci \u015bwiadczonych przez&nbsp;nas us\u0142ug. \nJe\u015bli chcesz uzyska\u0107 informacje dotycz\u0105ce\nniemieckiego rozliczenia podatku za&nbsp;granic\u0105, skontaktuj si\u0119\nz&nbsp;pracownikiem naszego stowarzyszenia (biura).<\/p>\n      <\/div>\n    <\/section>\n    <section class=\"u-clearfix u-section-4\" id=\"sec-7053\">\n      <div class=\"u-clearfix u-sheet u-valign-middle u-sheet-1\">\n        <p class=\"u-align-center u-text u-text-default u-text-1\" data-animation-out=\"0\" data-animation-name=\"customAnimationIn\" data-animation-duration=\"1000\" data-animation-delay=\"0\"> Pomagamy w prowadzeniu spraw w Niemczech i Austrii w zakresie:<br>\n        <\/p>\n        <ul class=\"u-align-left u-text u-text-default u-text-2\" data-animation-name=\"customAnimationIn\" data-animation-duration=\"1000\" data-animation-delay=\"0\">\n          <li> Rozliczenia podatku niemieckiego \u2013 Lohnsteuer (DE) <\/li>\n          <li> Rozliczenia podatku austriackiego \u2013 Lohnsteuer (AT) <\/li>\n          <li> Zasi\u0142k\u00f3w rodzinnych - Kindergeld <\/li>\n          <li> Rent i emerytur (w przygotowaniu) <\/li>\n        <\/ul>\n      <\/div>\n    <\/section>\n    <section class=\"u-clearfix u-section-5\" id=\"sec-88e4\">\n      <div class=\"u-clearfix u-sheet u-valign-middle u-sheet-1\">\n        <p class=\"u-align-center u-text u-text-default u-text-1\" data-animation-name=\"customAnimationIn\" data-animation-duration=\"1000\" data-animation-delay=\"0\" data-animation-out=\"0\"><b>Sta\u0142a op\u0142ata za kompleksow\u0105\nus\u0142ug\u0119 bez dodatkowych koszt\u00f3w!<\/b>\n          <br><b> Dla os<\/b><b>\u00f3b rozliczaj\u0105cych si\u0119 pierwszy raz za dwa lata \u2013 jedna\nop\u0142ata!<\/b>\n        <\/p>\n      <\/div>\n    <\/section>\n    <section class=\"u-clearfix u-section-6\" id=\"sec-196f\">\n      <div class=\"u-clearfix u-sheet u-valign-middle u-sheet-1\">\n        <h2 class=\"u-align-center u-text u-text-1\" data-animation-name=\"customAnimationIn\" data-animation-duration=\"1000\" data-animation-delay=\"0\" data-animation-out=\"0\">DlACZEGO <span style=\"font-weight: 700;\">MY<\/span>\n        <\/h2>\n      <\/div>\n    <\/section>\n    <section class=\"u-clearfix u-section-7\" id=\"sec-70b2\">\n      <div class=\"u-clearfix u-sheet u-valign-middle u-sheet-1\">\n        <div class=\"u-clearfix u-group-elements u-group-elements-1\" data-animation-out=\"0\" data-animation-name=\"customAnimationIn\" data-animation-duration=\"1000\" data-animation-delay=\"0\">\n          <div class=\"u-flip-horizontal u-shape u-shape-svg u-text-black u-shape-1\">\n            <svg class=\"u-svg-link\" preserveAspectRatio=\"none\" viewBox=\"0 0 160 100\" style=\"\"><use xlink:href=\"#svg-5b60\"><\/use><\/svg>\n            <svg class=\"u-svg-content\" viewBox=\"0 0 160 100\" x=\"0px\" y=\"0px\" id=\"svg-5b60\"><path d=\"M100,0l60,100H0V0H100z\"><\/path><\/svg>\n          <\/div>\n          <div class=\"u-palette-2-base u-shape u-shape-rectangle u-shape-2\"><\/div>\n          <div class=\"u-flip-vertical u-shape u-shape-svg u-text-palette-3-base u-shape-3\">\n            <svg class=\"u-svg-link\" preserveAspectRatio=\"none\" viewBox=\"0 0 160 100\" style=\"\"><use xlink:href=\"#svg-f0b5\"><\/use><\/svg>\n            <svg class=\"u-svg-content\" viewBox=\"0 0 160 100\" x=\"0px\" y=\"0px\" id=\"svg-f0b5\"><path d=\"M100,0l60,100H0V0H100z\"><\/path><\/svg>\n          <\/div>\n        <\/div>\n      <\/div>\n    <\/section>\n    <section class=\"u-align-center u-clearfix u-container-align-center u-section-8\" id=\"sec-2106\">\n      <div class=\"u-clearfix u-sheet u-valign-middle u-sheet-1\">\n        <div class=\"u-expanded-width u-list u-list-1\">\n          <div class=\"u-repeater u-repeater-1\">\n            <div class=\"u-align-center u-container-align-center u-container-style u-list-item u-repeater-item\">\n              <div class=\"u-container-layout u-similar-container u-valign-top u-container-layout-1\">\n                <h3 class=\"u-align-center u-text u-text-default u-text-1\" data-animation-name=\"counter\" data-animation-event=\"scroll\" data-animation-duration=\"3000\">29 lat<\/h3>\n                <p class=\"u-align-center u-text u-text-2\">do\u015bwiadczenia<\/p>\n              <\/div>\n            <\/div>\n            <div class=\"u-align-center u-container-align-center u-container-style u-list-item u-repeater-item\">\n              <div class=\"u-container-layout u-similar-container u-valign-top u-container-layout-2\">\n                <h3 class=\"u-align-center u-text u-text-default u-text-3\" data-animation-name=\"counter\" data-animation-event=\"scroll\" data-animation-duration=\"3000\">100 %<\/h3>\n                <p class=\"u-align-center u-text u-text-4\">zadowolonych klient\u00f3w<\/p>\n              <\/div>\n            <\/div>\n            <div class=\"u-align-center u-container-align-center u-container-style u-list-item u-repeater-item\">\n              <div class=\"u-container-layout u-similar-container u-valign-top u-container-layout-3\">\n                <h3 class=\"u-align-center u-text u-text-default u-text-5\" data-animation-name=\"counter\" data-animation-event=\"scroll\" data-animation-duration=\"3000\">36801<\/h3>\n                <p class=\"u-align-center u-text u-text-6\">za\u0142atwionych spraw <\/p>\n              <\/div>\n            <\/div>\n          <\/div>\n        <\/div>\n      <\/div>\n    <\/section>\n    <section class=\"u-clearfix u-section-9\" id=\"sec-d3f5\">\n      <div class=\"u-clearfix u-sheet u-valign-middle u-sheet-1\">\n        <p class=\"u-align-center u-text u-text-palette-2-base u-text-1\" data-animation-out=\"0\" data-animation-name=\"customAnimationIn\" data-animation-duration=\"1000\" data-animation-delay=\"0\"><b>Nie czekaj w kolejce, um\u00f3w si\u0119 na termin w godzinach\nurz\u0119dowania biura:<\/b>\n        <\/p>\n      <\/div>\n    <\/section>\n    <section class=\"u-align-center u-clearfix u-container-align-center u-section-10\" id=\"sec-d6d6\">\n      <div class=\"u-align-left u-clearfix u-sheet u-valign-middle u-sheet-1\">\n        <div class=\"u-expanded-width u-list u-list-1\">\n          <div class=\"u-repeater u-repeater-1\">\n            <div class=\"u-container-style u-list-item u-repeater-item\">\n              <div class=\"u-container-layout u-similar-container u-container-layout-1\"><span class=\"u-align-center u-icon u-icon-1\"><svg class=\"u-svg-link\" preserveAspectRatio=\"xMidYMin slice\" viewBox=\"0 0 54.757 54.757\" style=\"\"><use xlink:href=\"#svg-94bb\"><\/use><\/svg><svg class=\"u-svg-content\" viewBox=\"0 0 54.757 54.757\" x=\"0px\" y=\"0px\" id=\"svg-94bb\" style=\"enable-background:new 0 0 54.757 54.757;\"><path d=\"M40.94,5.617C37.318,1.995,32.502,0,27.38,0c-5.123,0-9.938,1.995-13.56,5.617c-6.703,6.702-7.536,19.312-1.804,26.952\n\tL27.38,54.757L42.721,32.6C48.476,24.929,47.643,12.319,40.94,5.617z M27.557,26c-3.859,0-7-3.141-7-7s3.141-7,7-7s7,3.141,7,7\n\tS31.416,26,27.557,26z\"><\/path><\/svg><\/span>\n                <h3 class=\"u-align-center u-text u-text-default u-text-1\">adres<\/h3>\n                <p class=\"u-align-center u-text u-text-2\">\n                  <a class=\"u-active-none u-border-none u-btn u-button-link u-button-style u-hover-none u-none u-text-palette-1-base u-btn-1\" data-href=\"https:\/\/www.google.pl\/maps\/search\/opole,+tulipan%C3%B3w+10\/@50.6788382,17.9258531,17z?entry=ttu&amp;g_ep=EgoyMDI0MTAyOS4wIKXMDSoASAFQAw%3D%3D\" data-target=\"_blank\">45-219 Opole<br>ul. Tulipan\u00f3w 10 \n                  <\/a>\n                <\/p>\n              <\/div>\n            <\/div>\n            <div class=\"u-container-align-center u-container-style u-list-item u-repeater-item\">\n              <div class=\"u-container-layout u-similar-container u-container-layout-2\"><span class=\"u-align-center u-file-icon u-icon u-icon-2\"><img decoding=\"async\" src=\"https:\/\/spn-silesia.org\/wp-content\/uploads\/2024\/11\/1257.png\" alt=\"\"><\/span>\n                <h3 class=\"u-align-center u-text u-text-default u-text-3\">telefon <\/h3>\n                <p class=\"u-align-center u-text u-text-4\">\n                  <a class=\"u-active-none u-border-none u-btn u-button-link u-button-style u-hover-none u-none u-text-palette-1-base u-btn-2\" data-href=\"tel:+48774578987\">+48 774578987<\/a>\n                <\/p>\n              <\/div>\n            <\/div>\n            <div class=\"u-container-style u-list-item u-repeater-item\">\n              <div class=\"u-container-layout u-similar-container u-container-layout-3\"><span class=\"u-align-center u-file-icon u-icon u-icon-3\"><img decoding=\"async\" src=\"https:\/\/spn-silesia.org\/wp-content\/uploads\/2024\/11\/646135.png\" alt=\"\"><\/span>\n                <h3 class=\"u-align-center u-text u-text-default u-text-5\">mail<\/h3>\n                <p class=\"u-align-center u-text u-text-6\">\n                  <a class=\"u-active-none u-border-none u-btn u-button-link u-button-style u-hover-none u-none u-text-palette-1-base u-btn-3\" data-href=\"mailto:spnsilesia@gmail.com?subject=mail%20ze%20strony%20spn-silesia.org\" href=\"mailto:spn.silesia@gmail.com?subject=mail ze strony spn-silesia.org\">spn.silesia@gmail.com<\/a>\n                <\/p>\n              <\/div>\n            <\/div>\n            <div class=\"u-container-style u-list-item u-repeater-item\">\n              <div class=\"u-container-layout u-similar-container u-container-layout-4\"><span class=\"u-align-center u-file-icon u-icon u-icon-4\"><img decoding=\"async\" src=\"https:\/\/spn-silesia.org\/wp-content\/uploads\/2024\/11\/833602.png\" alt=\"\"><\/span>\n                <h3 class=\"u-align-center u-text u-text-default u-text-7\">godziny <\/h3>\n                <p class=\"u-align-center u-text u-text-8\">pn. 8.00 - 18.00<br>wt. - nieczynne dla petent\u00f3w<br>\u015br. - nieczynne dla petent\u00f3w <br>cz. 8.00 - 15.00<br>pt. 8.00 - 18.00<br>so. 8.00 - 14.00 \n                <\/p>\n              <\/div>\n            <\/div>\n          <\/div>\n        <\/div>\n      <\/div>\n    <\/section>\n    <section class=\"u-clearfix u-section-11\" id=\"carousel_0da1\">\n      <div class=\"u-clearfix u-custom-html u-expanded-width u-custom-html-1\">\n        <iframe src=\"https:\/\/www.google.com\/maps\/embed?pb=!1m18!1m12!1m3!1d751.6369528300274!2d17.92564155015105!3d50.67920018276512!2m3!1f0!2f0!3f0!3m2!1i1024!2i768!4f13.1!3m3!1m2!1s0x471053ac70ca0e33%3A0x84cfdb5fc447331a!2sTulipan%C3%B3w%2010%2C%2046-020%20Opole!5e0!3m2!1spl!2spl!4v1730558188772!5m2!1spl!2spl\" width=\"100%\" height=\"450\" style=\"border:0;\" allowfullscreen=\"\" loading=\"lazy\" referrerpolicy=\"no-referrer-when-downgrade\"><\/iframe>\n      <\/div>\n    <\/section>\n    \n    \n    \n  \n","protected":false},"excerpt":{"rendered":"<p>Postaw na profesjonalizm i szanuj sw\u00f3j czasZG\u0141O\u015a SI\u0118 DO&nbsp;NASZEGO Stowarzyszenia Jeste\u015bmy Stowarzyszeniem (biurem) z 27-sto letnim do\u015bwiadczeniem (od 1997) w zakresie zwrotu podatku w Niemczech i Austrii. \u015awiadczymy profesjonalne i&nbsp;rzetelne us\u0142ugi a dzi\u0119ki wiedzy i wieloletniemu do\u015bwiadczeniu odzyskujemy dla naszych klient\u00f3w wysokie zwroty nadp\u0142aconych podatk\u00f3w. Opinie o naszym stowarzyszeniu (biurze) \u015bwiadcz\u0105 o doskona\u0142ej jako\u015bci \u015bwiadczonych &hellip; <a href=\"https:\/\/spn-silesia.org\/\" class=\"more-link\">Continue reading<span class=\"screen-reader-text\"> &#8222;SPN SILESIA&#8221;<\/span><\/a><\/p>\n","protected":false},"author":1,"featured_media":0,"parent":0,"menu_order":2,"comment_status":"closed","ping_status":"closed","template":"","meta":{"footnotes":""},"class_list":["post-39","page","type-page","status-publish","hentry"],"_links":{"self":[{"href":"https:\/\/spn-silesia.org\/index.php\/wp-json\/wp\/v2\/pages\/39","targetHints":{"allow":["GET"]}}],"collection":[{"href":"https:\/\/spn-silesia.org\/index.php\/wp-json\/wp\/v2\/pages"}],"about":[{"href":"https:\/\/spn-silesia.org\/index.php\/wp-json\/wp\/v2\/types\/page"}],"author":[{"embeddable":true,"href":"https:\/\/spn-silesia.org\/index.php\/wp-json\/wp\/v2\/users\/1"}],"replies":[{"embeddable":true,"href":"https:\/\/spn-silesia.org\/index.php\/wp-json\/wp\/v2\/comments?post=39"}],"version-history":[{"count":13,"href":"https:\/\/spn-silesia.org\/index.php\/wp-json\/wp\/v2\/pages\/39\/revisions"}],"predecessor-version":[{"id":168,"href":"https:\/\/spn-silesia.org\/index.php\/wp-json\/wp\/v2\/pages\/39\/revisions\/168"}],"wp:attachment":[{"href":"https:\/\/spn-silesia.org\/index.php\/wp-json\/wp\/v2\/media?parent=39"}],"curies":[{"name":"wp","href":"https:\/\/api.w.org\/{rel}","templated":true}]}}