{"id":40,"date":"2024-11-02T17:12:44","date_gmt":"2024-11-02T17:12:44","guid":{"rendered":"https:\/\/spn-silesia.org\/index.php\/renta_emerytura\/"},"modified":"2024-11-02T17:12:51","modified_gmt":"2024-11-02T17:12:51","slug":"renta_emerytura","status":"publish","type":"page","link":"https:\/\/spn-silesia.org\/index.php\/renta_emerytura\/","title":{"rendered":"Renta_Emerytura"},"content":{"rendered":"\n  \n    <section class=\"skrollable u-clearfix u-container-align-center u-image u-parallax u-section-1\" id=\"sec-0388\" data-image-width=\"1726\" data-image-height=\"1000\" style=\"background-image: url(&quot;https:\/\/spn-silesia.org\/wp-content\/uploads\/2024\/11\/WBmEHuZjwPGiKbFSoidZOwXJ7SesHs0.jpeg&quot;);\">\n      <div class=\"u-clearfix u-sheet u-sheet-1\"><\/div>\n    <\/section>\n    <section class=\"u-clearfix u-section-2\" id=\"sec-4c4e\">\n      <div class=\"u-clearfix u-sheet u-sheet-1\">\n        <h2 class=\"u-text u-text-1\">Renta \/ Emerytura<\/h2>\n        <div class=\"u-clearfix u-group-elements u-group-elements-1\">\n          <div class=\"u-flip-horizontal u-shape u-shape-svg u-text-black u-shape-1\">\n            <svg class=\"u-svg-link\" preserveAspectRatio=\"none\" viewBox=\"0 0 160 100\" style=\"\"><use xlink:href=\"#svg-5b60\"><\/use><\/svg>\n            <svg class=\"u-svg-content\" viewBox=\"0 0 160 100\" x=\"0px\" y=\"0px\" id=\"svg-5b60\"><path d=\"M100,0l60,100H0V0H100z\"><\/path><\/svg>\n          <\/div>\n          <div class=\"u-palette-2-base u-shape u-shape-rectangle u-shape-2\"><\/div>\n          <div class=\"u-flip-vertical u-shape u-shape-svg u-text-palette-3-base u-shape-3\">\n            <svg class=\"u-svg-link\" preserveAspectRatio=\"none\" viewBox=\"0 0 160 100\" style=\"\"><use xlink:href=\"#svg-f0b5\"><\/use><\/svg>\n            <svg class=\"u-svg-content\" viewBox=\"0 0 160 100\" x=\"0px\" y=\"0px\" id=\"svg-f0b5\"><path d=\"M100,0l60,100H0V0H100z\"><\/path><\/svg>\n          <\/div>\n        <\/div>\n      <\/div>\n    <\/section>\n    <section class=\"u-clearfix u-section-3\" id=\"sec-fcfa\">\n      <div class=\"u-clearfix u-sheet u-sheet-1\"><\/div>\n    <\/section>\n    <section class=\"u-clearfix u-section-4\" id=\"sec-77b0\">\n      <div class=\"u-clearfix u-sheet u-valign-middle u-sheet-1\">\n        <a href=\"https:\/\/spn-silesia.org\/index.php\/informacje\/\" class=\"u-btn u-button-style u-none u-text-hover-palette-2-base u-text-palette-1-dark-1 u-btn-1\" data-animation-out=\"0\">POWR\u00d3T&nbsp;<span style=\"font-size: 1.125rem;\"><\/span>&nbsp;<span class=\"u-file-icon u-icon u-opacity u-opacity-90 u-text-palette-1-dark-1 u-icon-1\"><img decoding=\"async\" src=\"https:\/\/spn-silesia.org\/wp-content\/uploads\/2024\/11\/06c1ce5e.png\" alt=\"\"><\/span>\n        <\/a>\n        <a href=\"https:\/\/spn-silecia.org\" class=\"u-btn u-button-style u-none u-text-hover-palette-2-base u-text-palette-1-dark-1 u-btn-2\" data-animation-out=\"0\">STRONA G\u0141\u00d3WNA&nbsp;<span style=\"font-size: 1.125rem;\"><\/span>&nbsp;<span class=\"u-file-icon u-icon u-opacity u-opacity-90 u-text-palette-1-dark-1 u-icon-2\"><img decoding=\"async\" src=\"https:\/\/spn-silesia.org\/wp-content\/uploads\/2024\/11\/06c1ce5e.png\" alt=\"\"><\/span>\n        <\/a>\n      <\/div>\n    <\/section>\n    \n    \n    \n    \n  \n","protected":false},"excerpt":{"rendered":"<p>Renta \/ Emerytura POWR\u00d3T&nbsp;&nbsp; STRONA G\u0141\u00d3WNA&nbsp;&nbsp;<\/p>\n","protected":false},"author":1,"featured_media":0,"parent":0,"menu_order":3,"comment_status":"closed","ping_status":"closed","template":"","meta":{"footnotes":""},"class_list":["post-40","page","type-page","status-publish","hentry"],"_links":{"self":[{"href":"https:\/\/spn-silesia.org\/index.php\/wp-json\/wp\/v2\/pages\/40","targetHints":{"allow":["GET"]}}],"collection":[{"href":"https:\/\/spn-silesia.org\/index.php\/wp-json\/wp\/v2\/pages"}],"about":[{"href":"https:\/\/spn-silesia.org\/index.php\/wp-json\/wp\/v2\/types\/page"}],"author":[{"embeddable":true,"href":"https:\/\/spn-silesia.org\/index.php\/wp-json\/wp\/v2\/users\/1"}],"replies":[{"embeddable":true,"href":"https:\/\/spn-silesia.org\/index.php\/wp-json\/wp\/v2\/comments?post=40"}],"version-history":[{"count":1,"href":"https:\/\/spn-silesia.org\/index.php\/wp-json\/wp\/v2\/pages\/40\/revisions"}],"predecessor-version":[{"id":50,"href":"https:\/\/spn-silesia.org\/index.php\/wp-json\/wp\/v2\/pages\/40\/revisions\/50"}],"wp:attachment":[{"href":"https:\/\/spn-silesia.org\/index.php\/wp-json\/wp\/v2\/media?parent=40"}],"curies":[{"name":"wp","href":"https:\/\/api.w.org\/{rel}","templated":true}]}}