{"id":44,"date":"2024-11-02T17:12:48","date_gmt":"2024-11-02T17:12:48","guid":{"rendered":"https:\/\/spn-silesia.org\/index.php\/kontakt\/"},"modified":"2026-01-12T09:17:31","modified_gmt":"2026-01-12T09:17:31","slug":"kontakt","status":"publish","type":"page","link":"https:\/\/spn-silesia.org\/index.php\/kontakt\/","title":{"rendered":"Kontakt"},"content":{"rendered":"\n    \n    <section class=\"skrollable u-clearfix u-container-align-center u-image u-parallax u-section-2\" id=\"sec-2a98\" data-image-width=\"5760\" data-image-height=\"3840\" style=\"background-image: url(&quot;https:\/\/spn-silesia.org\/wp-content\/uploads\/2024\/11\/KyeRITcFVpyg4w.jpeg&quot;);\">\n      <div class=\"u-clearfix u-sheet u-sheet-1\"><\/div>\n    <\/section>\n    <section class=\"u-clearfix u-section-3\" id=\"sec-dc6e\">\n      <div class=\"u-clearfix u-sheet u-sheet-1\">\n        <h2 class=\"u-text u-text-1\">Kontakt<\/h2>\n        <div class=\"u-clearfix u-group-elements u-group-elements-1\">\n          <div class=\"u-flip-horizontal u-shape u-shape-svg u-text-black u-shape-1\">\n            <svg class=\"u-svg-link\" preserveAspectRatio=\"none\" viewBox=\"0 0 160 100\" style=\"\"><use xlink:href=\"#svg-5b60\"><\/use><\/svg>\n            <svg class=\"u-svg-content\" viewBox=\"0 0 160 100\" x=\"0px\" y=\"0px\" id=\"svg-5b60\"><path d=\"M100,0l60,100H0V0H100z\"><\/path><\/svg>\n          <\/div>\n          <div class=\"u-palette-2-base u-shape u-shape-rectangle u-shape-2\"><\/div>\n          <div class=\"u-flip-vertical u-shape u-shape-svg u-text-palette-3-base u-shape-3\">\n            <svg class=\"u-svg-link\" preserveAspectRatio=\"none\" viewBox=\"0 0 160 100\" style=\"\"><use xlink:href=\"#svg-f0b5\"><\/use><\/svg>\n            <svg class=\"u-svg-content\" viewBox=\"0 0 160 100\" x=\"0px\" y=\"0px\" id=\"svg-f0b5\"><path d=\"M100,0l60,100H0V0H100z\"><\/path><\/svg>\n          <\/div>\n        <\/div>\n      <\/div>\n    <\/section>\n    <section class=\"u-clearfix u-section-4\" id=\"sec-5368\">\n      <div class=\"u-clearfix u-sheet u-sheet-1\">\n        <div class=\"data-layout-selected u-clearfix u-expanded-width u-layout-wrap u-layout-wrap-1\">\n          <div class=\"u-layout\">\n            <div class=\"u-layout-row\">\n              <div class=\"u-align-center u-container-align-center u-container-style u-layout-cell u-size-30 u-layout-cell-1\">\n                <div class=\"u-container-layout u-valign-top u-container-layout-1\">\n                  <img decoding=\"async\" class=\"u-expanded-width u-image u-image-contain u-image-default u-image-1\" src=\"https:\/\/spn-silesia.org\/wp-content\/uploads\/2024\/11\/spn-silesia-logo-3.svg\" alt=\"\" data-image-width=\"150\" data-image-height=\"43\" data-animation-name=\"customAnimationIn\" data-animation-duration=\"1000\" data-animation-delay=\"0\" data-animation-out=\"0\">\n                  <p class=\"u-align-center u-text u-text-1\" data-animation-name=\"customAnimationIn\" data-animation-duration=\"1000\" data-animation-delay=\"0\" data-animation-out=\"0\">&nbsp;Rozliczenie podatk\u00f3w<br>niemieckich i austriackich \n                  <\/p>\n                <\/div>\n              <\/div>\n              <div class=\"u-container-style u-layout-cell u-size-30 u-layout-cell-2\">\n                <div class=\"u-container-layout u-container-layout-2\">\n                  <p class=\"u-align-center u-text u-text-default u-text-2\" data-animation-name=\"customAnimationIn\" data-animation-duration=\"1000\" data-animation-delay=\"0\" data-animation-out=\"0\"><span class=\"u-icon u-icon-1\"><svg class=\"u-svg-content\" viewBox=\"0 0 54.757 54.757\" x=\"0px\" y=\"0px\" style=\"width: 1em; height: 1em;\"><path d=\"M40.94,5.617C37.318,1.995,32.502,0,27.38,0c-5.123,0-9.938,1.995-13.56,5.617c-6.703,6.702-7.536,19.312-1.804,26.952\n\tL27.38,54.757L42.721,32.6C48.476,24.929,47.643,12.319,40.94,5.617z M27.557,26c-3.859,0-7-3.141-7-7s3.141-7,7-7s7,3.141,7,7\n\tS31.416,26,27.557,26z\"><\/path><\/svg><\/span>&nbsp; &nbsp;45-219 Opole, ul. Tulipan\u00f3w 10 \n                  <\/p>\n                  <p class=\"u-align-center u-text u-text-default u-text-3\" data-animation-name=\"customAnimationIn\" data-animation-duration=\"1000\" data-animation-delay=\"0\" data-animation-out=\"0\"><span class=\"u-file-icon u-icon u-icon-2\"><img decoding=\"async\" src=\"https:\/\/spn-silesia.org\/wp-content\/uploads\/2024\/11\/13936.png\" alt=\"\"><\/span>&nbsp; &nbsp;+48 774578987<br>\n                  <\/p>\n                  <p class=\"u-align-center u-text u-text-default u-text-4\" data-animation-name=\"customAnimationIn\" data-animation-duration=\"1000\" data-animation-delay=\"0\" data-animation-out=\"0\"><span class=\"u-file-icon u-icon u-icon-3\"><img decoding=\"async\" src=\"https:\/\/spn-silesia.org\/wp-content\/uploads\/2024\/11\/2099199.png\" alt=\"\"><\/span>&nbsp; &nbsp;spn.silesia@gmail.com<br>\n                  <\/p>\n                <\/div>\n              <\/div>\n            <\/div>\n          <\/div>\n        <\/div>\n      <\/div>\n    <\/section>\n    <section class=\"u-clearfix u-section-5\" id=\"sec-0d87\">\n      <div class=\"u-clearfix u-sheet u-valign-middle u-sheet-1\">\n        <div class=\"data-layout-selected u-clearfix u-expanded-width u-gutter-10 u-layout-wrap u-layout-wrap-1\">\n          <div class=\"u-gutter-0 u-layout\">\n            <div class=\"u-layout-row\">\n              <div class=\"u-size-30\">\n                <div class=\"u-layout-col\">\n                  <div class=\"u-align-left u-container-align-left u-container-style u-layout-cell u-left-cell u-size-60 u-layout-cell-1\">\n                    <div class=\"u-container-layout u-container-layout-1\">\n                      <p class=\"u-text u-text-1\">Formularz kontaktowy<span style=\"font-weight: 700;\"><\/span>\n                      <\/p>\n                      <div class=\"u-align-center u-form u-form-1\">\n                        <form action=\"https:\/\/service.nicepagesrv.com\/form\/v4\/form-process\" class=\"u-clearfix u-form-spacing-15 u-form-vertical u-inner-form\" style=\"padding: 15px;\" source=\"email\">\n                          <div class=\"u-form-group u-form-name u-label-top\">\n                            <label for=\"name-299f\" class=\"u-label\">imi\u0119<\/label>\n                            <input type=\"text\" id=\"name-299f\" name=\"name\" class=\"u-input u-input-rectangle\" required=\"\">\n                          <\/div>\n                          <div class=\"u-form-email u-form-group u-label-top\">\n                            <label for=\"email-299f\" class=\"u-label\">email<\/label>\n                            <input type=\"email\" id=\"email-299f\" name=\"email\" class=\"u-input u-input-rectangle\" required=\"required\" data-country-code=\"pl\">\n                          <\/div>\n                          <div class=\"u-form-group u-form-message u-label-top\">\n                            <label for=\"message-299f\" class=\"u-label\">wiadomo\u015b\u0107<\/label>\n                            <textarea rows=\"4\" cols=\"50\" id=\"message-299f\" name=\"message\" class=\"u-input u-input-rectangle\" required=\"\"><\/textarea>\n                          <\/div>\n                          <p class=\"u-align-center u-form-group u-form-text u-text u-text-2\"> Zgoda na przetwarzanie danych<\/p>\n                          <div class=\"u-form-checkbox-group u-form-group u-label-top u-form-group-5\">\n                            <label class=\"u-form-control-hidden u-label\"><\/label>\n                            <div class=\"u-form-checkbox-group-wrapper\">\n                              <div class=\"u-input-row\">\n                                <input id=\"field-df69\" type=\"checkbox\" name=\"checkbox[]\" value=\"Zgadzam si\u0119 na przetwarzanie podanych danych osobowych na potrzeby kontaktu przez niniejszy formularz\" class=\"u-field-input\" checked=\"checked\" data-calc=\"\" required=\"required\">\n                                <label class=\"u-field-label\" for=\"field-df69\" style=\"letter-spacing: 0px;\">Zgadzam si\u0119 na przetwarzanie podanych danych osobowych na potrzeby kontaktu przez niniejszy formularz<\/label>\n                              <\/div>\n                            <\/div>\n                          <\/div>\n                          <div class=\"u-align-center u-form-group u-form-submit u-label-top\">\n                            <a href=\"#\" class=\"u-btn u-btn-submit u-button-style\">wys\u0142a\u0107&nbsp;<\/a>\n                            <input type=\"submit\" value=\"submit\" class=\"u-form-control-hidden\">\n                          <\/div>\n                          <div class=\"u-form-send-message u-form-send-success\">Wiadomo\u015b\u0107 zosta\u0142a wys\u0142ana, odpowiemy na ni\u0105 jak najszybciej.<\/div>\n                          <div class=\"u-form-send-error u-form-send-message\">Co\u015b posz\u0142o nie tak, nie mogli\u015bmy wys\u0142a\u0107 wiadomo\u015bci, spr\u00f3buj za chwilk\u0119.<\/div>\n                          <input type=\"hidden\" value=\"\" name=\"recaptchaResponse\">\n                          <input type=\"hidden\" name=\"formServices\" value=\"5f7ae105-2acc-e417-be63-2e92bff8c390\">\n                        <\/form>\n                      <\/div>\n                    <\/div>\n                  <\/div>\n                <\/div>\n              <\/div>\n              <div class=\"u-size-30\">\n                <div class=\"u-layout-col\">\n                  <div class=\"u-align-left u-container-align-left u-container-align-left-lg u-container-align-left-md u-container-align-left-sm u-container-align-left-xl u-container-style u-layout-cell u-right-cell u-size-60 u-layout-cell-2\">\n                    <div class=\"u-container-layout u-container-layout-2\"><span class=\"u-align-center u-file-icon u-icon u-icon-1\"><img decoding=\"async\" src=\"https:\/\/spn-silesia.org\/wp-content\/uploads\/2024\/11\/833602.png\" alt=\"\"><\/span>\n                      <h3 class=\"u-align-center u-text u-text-default u-text-3\">godziny pracy <\/h3>\n                      <p class=\"u-align-center u-text u-text-4\">poniedzia\u0142ek : 8.00 - 18.00<br>wtorek : nieczynne dla petent\u00f3w<br>\u015broda : nieczynne dla petent\u00f3w <br>czwartek :&nbsp; 8.00 - 15.00<br>pi\u0105tek : 8.00 - 18.00<br>sobota : 8.00 - 14.00 \n                      <\/p>\n                      <p class=\"u-align-center u-heading-font u-text u-text-5\"> Skorzystaj z naszego formularza.<br>Na pytania odpowiadamy w godzinach pracy,<br>w trybie pilnym. \n                      <\/p>\n                    <\/div>\n                  <\/div>\n                <\/div>\n              <\/div>\n            <\/div>\n          <\/div>\n        <\/div>\n      <\/div>\n    <\/section>\n    <section class=\"u-clearfix u-section-6\" id=\"sec-e2d8\">\n      <div class=\"u-clearfix u-custom-html u-expanded-width u-custom-html-1\">\n        <iframe src=\"https:\/\/www.google.com\/maps\/embed?pb=!1m18!1m12!1m3!1d1062.9751520323514!2d17.92591107056331!3d50.67920109405885!2m3!1f0!2f0!3f0!3m2!1i1024!2i768!4f13.1!3m3!1m2!1s0x471053ac77354cd5%3A0xfa60cac13b422978!2sLohnsteuerhilfeverein%20Silesia%20e.V.%20Rozliczenie%20podatk%C3%B3w%20niemieckich!5e0!3m2!1spl!2spl!4v1730543986527!5m2!1spl!2spl\" width=\"100%\" height=\"450\" style=\"border:0;\" allowfullscreen=\"\" loading=\"lazy\" referrerpolicy=\"no-referrer-when-downgrade\"><\/iframe>\n      <\/div>\n    <\/section>\n    <section class=\"u-clearfix u-section-7\" id=\"sec-2d1b\">\n      <div class=\"u-clearfix u-sheet u-valign-middle u-sheet-1\">\n        <a href=\"https:\/\/spn-silesia.org\/\" class=\"u-btn u-button-style u-none u-text-hover-palette-2-base u-text-palette-1-dark-1 u-btn-1\" data-animation-out=\"0\">POWR\u00d3T&nbsp;<span style=\"font-size: 1.125rem;\"><\/span>&nbsp;<span class=\"u-file-icon u-icon u-opacity u-opacity-90 u-text-palette-1-dark-1 u-icon-1\"><img decoding=\"async\" src=\"https:\/\/spn-silesia.org\/wp-content\/uploads\/2024\/11\/06c1ce5e.png\" alt=\"\"><\/span>\n        <\/a>\n      <\/div>\n    <\/section>\n    \n    \n    \n  \n","protected":false},"excerpt":{"rendered":"<p>Kontakt &nbsp;Rozliczenie podatk\u00f3wniemieckich i austriackich &nbsp; &nbsp;45-219 Opole, ul. Tulipan\u00f3w 10 &nbsp; &nbsp;+48 774578987 &nbsp; &nbsp;spn.silesia@gmail.com Formularz kontaktowy imi\u0119 email wiadomo\u015b\u0107 Zgoda na przetwarzanie danych Zgadzam si\u0119 na przetwarzanie podanych danych osobowych na potrzeby kontaktu przez niniejszy formularz wys\u0142a\u0107&nbsp; Wiadomo\u015b\u0107 zosta\u0142a wys\u0142ana, odpowiemy na ni\u0105 jak najszybciej. Co\u015b posz\u0142o nie tak, nie mogli\u015bmy wys\u0142a\u0107 wiadomo\u015bci, &hellip; <a href=\"https:\/\/spn-silesia.org\/index.php\/kontakt\/\" class=\"more-link\">Continue reading<span class=\"screen-reader-text\"> &#8222;Kontakt&#8221;<\/span><\/a><\/p>\n","protected":false},"author":1,"featured_media":0,"parent":0,"menu_order":7,"comment_status":"closed","ping_status":"closed","template":"","meta":{"footnotes":""},"class_list":["post-44","page","type-page","status-publish","hentry"],"_links":{"self":[{"href":"https:\/\/spn-silesia.org\/index.php\/wp-json\/wp\/v2\/pages\/44","targetHints":{"allow":["GET"]}}],"collection":[{"href":"https:\/\/spn-silesia.org\/index.php\/wp-json\/wp\/v2\/pages"}],"about":[{"href":"https:\/\/spn-silesia.org\/index.php\/wp-json\/wp\/v2\/types\/page"}],"author":[{"embeddable":true,"href":"https:\/\/spn-silesia.org\/index.php\/wp-json\/wp\/v2\/users\/1"}],"replies":[{"embeddable":true,"href":"https:\/\/spn-silesia.org\/index.php\/wp-json\/wp\/v2\/comments?post=44"}],"version-history":[{"count":11,"href":"https:\/\/spn-silesia.org\/index.php\/wp-json\/wp\/v2\/pages\/44\/revisions"}],"predecessor-version":[{"id":154,"href":"https:\/\/spn-silesia.org\/index.php\/wp-json\/wp\/v2\/pages\/44\/revisions\/154"}],"wp:attachment":[{"href":"https:\/\/spn-silesia.org\/index.php\/wp-json\/wp\/v2\/media?parent=44"}],"curies":[{"name":"wp","href":"https:\/\/api.w.org\/{rel}","templated":true}]}}