{"id":45,"date":"2024-11-02T17:12:49","date_gmt":"2024-11-02T17:12:49","guid":{"rendered":"https:\/\/spn-silesia.org\/index.php\/do-pobrania\/"},"modified":"2024-11-03T13:42:51","modified_gmt":"2024-11-03T13:42:51","slug":"do-pobrania","status":"publish","type":"page","link":"https:\/\/spn-silesia.org\/index.php\/do-pobrania\/","title":{"rendered":"Do pobrania"},"content":{"rendered":"\n    \n    <section class=\"skrollable u-clearfix u-container-align-center u-image u-parallax u-section-2\" id=\"sec-b3ef\" data-image-width=\"5467\" data-image-height=\"3641\" style=\"background-image: url(&quot;https:\/\/spn-silesia.org\/wp-content\/uploads\/2024\/11\/BKPkxGEhG43A3Sq09jUIw.jpeg&quot;);\">\n      <div class=\"u-clearfix u-sheet u-sheet-1\"><\/div>\n    <\/section>\n    <section class=\"u-clearfix u-section-3\" id=\"sec-17d6\">\n      <div class=\"u-clearfix u-sheet u-sheet-1\">\n        <h2 class=\"u-text u-text-1\">Druki do pobrania <\/h2>\n        <div class=\"u-clearfix u-group-elements u-group-elements-1\">\n          <div class=\"u-flip-horizontal u-shape u-shape-svg u-text-black u-shape-1\">\n            <svg class=\"u-svg-link\" preserveAspectRatio=\"none\" viewBox=\"0 0 160 100\" style=\"\"><use xlink:href=\"#svg-5b60\"><\/use><\/svg>\n            <svg class=\"u-svg-content\" viewBox=\"0 0 160 100\" x=\"0px\" y=\"0px\" id=\"svg-5b60\"><path d=\"M100,0l60,100H0V0H100z\"><\/path><\/svg>\n          <\/div>\n          <div class=\"u-palette-2-base u-shape u-shape-rectangle u-shape-2\"><\/div>\n          <div class=\"u-flip-vertical u-shape u-shape-svg u-text-palette-3-base u-shape-3\">\n            <svg class=\"u-svg-link\" preserveAspectRatio=\"none\" viewBox=\"0 0 160 100\" style=\"\"><use xlink:href=\"#svg-f0b5\"><\/use><\/svg>\n            <svg class=\"u-svg-content\" viewBox=\"0 0 160 100\" x=\"0px\" y=\"0px\" id=\"svg-f0b5\"><path d=\"M100,0l60,100H0V0H100z\"><\/path><\/svg>\n          <\/div>\n        <\/div>\n      <\/div>\n    <\/section>\n    <section class=\"u-align-center u-clearfix u-container-align-center u-section-4\" id=\"sec-6391\">\n      <div class=\"u-align-left u-clearfix u-sheet u-sheet-1\">\n        <div class=\"u-expanded-width u-list u-list-1\">\n          <div class=\"u-repeater u-repeater-1\">\n            <div class=\"u-container-style u-list-item u-repeater-item\" data-href=\"https:\/\/spn-silesia.org\/druki\/wniosek_kindergeld-KG-1-PL.pdf\" data-target=\"_blank\">\n              <div class=\"u-container-layout u-similar-container u-container-layout-1\"><span class=\"u-align-center u-file-icon u-icon u-icon-circle u-text-palette-2-base u-icon-1\"><img decoding=\"async\" src=\"https:\/\/spn-silesia.org\/wp-content\/uploads\/2024\/11\/d49a98a3.png\" alt=\"\"><\/span>\n                <h3 class=\"u-align-center u-text u-text-default u-text-1\">druk KG-1-PL<\/h3>\n                <p class=\"u-align-center u-text u-text-2\"> wniosek kindergeld<\/p>\n              <\/div>\n            <\/div>\n            <div class=\"u-container-style u-list-item u-repeater-item\" data-href=\"https:\/\/spn-silesia.org\/druki\/zalacznik-dziecko-do-wniosku-KG-1-PL.pdf\" data-target=\"_blank\">\n              <div class=\"u-container-layout u-similar-container u-container-layout-2\"><span class=\"u-align-center u-file-icon u-icon u-icon-circle u-text-palette-2-base u-icon-2\"><img decoding=\"async\" src=\"https:\/\/spn-silesia.org\/wp-content\/uploads\/2024\/11\/d49a98a3.png\" alt=\"\"><\/span>\n                <h3 class=\"u-align-center u-text u-text-default u-text-3\"> druk KG-1-PL<\/h3>\n                <p class=\"u-align-center u-text u-text-4\"> za\u0142\u0105cznik dziecko do wniosku<br>\n                <\/p>\n              <\/div>\n            <\/div>\n            <div class=\"u-container-style u-list-item u-repeater-item\" data-href=\"https:\/\/spn-silesia.org\/druki\/zalacznik-zagranica-do-wniosku-KG-51-PL.pdf\" data-target=\"_blank\">\n              <div class=\"u-container-layout u-similar-container u-container-layout-3\"><span class=\"u-align-center u-file-icon u-icon u-icon-circle u-text-palette-2-base u-icon-3\"><img decoding=\"async\" src=\"https:\/\/spn-silesia.org\/wp-content\/uploads\/2024\/11\/d49a98a3.png\" alt=\"\"><\/span>\n                <h3 class=\"u-align-center u-text u-text-default u-text-5\"> druk KG-51-PL<\/h3>\n                <p class=\"u-align-center u-text u-text-6\"> za\u0142\u0105cznik zagranica do wniosku<\/p>\n              <\/div>\n            <\/div>\n            <div class=\"u-container-style u-list-item u-repeater-item\" data-href=\"https:\/\/spn-silesia.org\/druki\/zaswiadczenie-sklad-rodziny-KG-53-PL.pdf\" data-target=\"_blank\">\n              <div class=\"u-container-layout u-similar-container u-container-layout-4\"><span class=\"u-align-center u-file-icon u-icon u-icon-circle u-text-palette-2-base u-icon-4\"><img decoding=\"async\" src=\"https:\/\/spn-silesia.org\/wp-content\/uploads\/2024\/11\/d49a98a3.png\" alt=\"\"><\/span>\n                <h3 class=\"u-align-center u-text u-text-default u-text-7\"> druk KG-53-PL<\/h3>\n                <p class=\"u-align-center u-text u-text-8\"> za\u015bwiadczenie sk\u0142ad rodziny<\/p>\n              <\/div>\n            <\/div>\n            <div class=\"u-container-style u-list-item u-repeater-item\" data-href=\"https:\/\/spn-silesia.org\/druki\/zaswiadczenie-pracodawcy-KG-54-PL.pdf\" data-target=\"_blank\">\n              <div class=\"u-container-layout u-similar-container u-container-layout-5\"><span class=\"u-align-center u-file-icon u-icon u-icon-circle u-text-palette-2-base u-icon-5\"><img decoding=\"async\" src=\"https:\/\/spn-silesia.org\/wp-content\/uploads\/2024\/11\/d49a98a3.png\" alt=\"\"><\/span>\n                <h3 class=\"u-align-center u-text u-text-default u-text-9\"> druk KG-54-PL<\/h3>\n                <p class=\"u-align-center u-text u-text-10\"> za\u015bwiadczenie pracodawcy<\/p>\n              <\/div>\n            <\/div>\n            <div class=\"u-container-style u-list-item u-repeater-item\" data-href=\"https:\/\/spn-silesia.org\/druki\/zaswiadczenie-o-nauce-KG-55-PL.pdf\" data-target=\"_blank\">\n              <div class=\"u-container-layout u-similar-container u-container-layout-6\"><span class=\"u-align-center u-file-icon u-icon u-icon-circle u-text-palette-2-base u-icon-6\"><img decoding=\"async\" src=\"https:\/\/spn-silesia.org\/wp-content\/uploads\/2024\/11\/d49a98a3.png\" alt=\"\"><\/span>\n                <h3 class=\"u-align-center u-text u-text-default u-text-11\">druk KG-55-PL<\/h3>\n                <p class=\"u-align-center u-text u-text-12\"> za\u015bwiadczenie o nauce<\/p>\n              <\/div>\n            <\/div>\n            <div class=\"u-container-style u-list-item u-repeater-item\" data-href=\"https:\/\/spn-silesia.org\/druki\/zaswiadczenie-o-sytuacji-doroslego-dziecka-KG-55D-PL.pdf\" data-target=\"_blank\">\n              <div class=\"u-container-layout u-similar-container u-container-layout-7\"><span class=\"u-align-center u-file-icon u-icon u-icon-circle u-text-palette-2-base u-icon-7\"><img decoding=\"async\" src=\"https:\/\/spn-silesia.org\/wp-content\/uploads\/2024\/11\/d49a98a3.png\" alt=\"\"><\/span>\n                <h3 class=\"u-align-center u-text u-text-default u-text-13\">druk KG-55d-PL <\/h3>\n                <p class=\"u-align-center u-text u-text-14\"> za\u015bwiadczenie o sytuacji doros\u0142ego dziecka<\/p>\n              <\/div>\n            <\/div>\n            <div class=\"u-container-style u-list-item u-repeater-item\" data-href=\"https:\/\/spn-silesia.org\/druki\/zaswiadczenie-o-sytuacji-bezrobotnego-dziecka-KG-11-DE.pdf\" data-target=\"_blank\">\n              <div class=\"u-container-layout u-similar-container u-container-layout-8\"><span class=\"u-align-center u-file-icon u-icon u-icon-circle u-text-palette-2-base u-icon-8\"><img decoding=\"async\" src=\"https:\/\/spn-silesia.org\/wp-content\/uploads\/2024\/11\/d49a98a3.png\" alt=\"\"><\/span>\n                <h3 class=\"u-align-center u-text u-text-default u-text-15\"> druk-KG11-DE<\/h3>\n                <p class=\"u-align-center u-text u-text-16\"> za\u015bwiadczenie o sytuacji bezrobotnego dziecka<\/p>\n              <\/div>\n            <\/div>\n            <div class=\"u-container-style u-list-item u-repeater-item\" data-href=\"https:\/\/spn-silesia.org\/druki\/bescheinigung_EU-EWR.pdf\" data-target=\"_blank\">\n              <div class=\"u-container-layout u-similar-container u-container-layout-9\"><span class=\"u-align-center u-file-icon u-icon u-icon-circle u-text-palette-2-base u-icon-9\"><img decoding=\"async\" src=\"https:\/\/spn-silesia.org\/wp-content\/uploads\/2024\/11\/d49a98a3.png\" alt=\"\"><\/span>\n                <h3 class=\"u-align-center u-text u-text-default u-text-17\"> Bescheinigung EU\/EWR<\/h3>\n                <p class=\"u-align-center u-text u-text-18\">wniosek<\/p>\n              <\/div>\n            <\/div>\n            <div class=\"u-container-style u-list-item u-repeater-item\" data-href=\"https:\/\/spn-silesia.org\/druki\/bescheinigung _E9_EU-EWR.pdf\" data-target=\"_blank\">\n              <div class=\"u-container-layout u-similar-container u-container-layout-10\"><span class=\"u-align-center u-file-icon u-icon u-icon-circle u-text-palette-2-base u-icon-10\"><img decoding=\"async\" src=\"https:\/\/spn-silesia.org\/wp-content\/uploads\/2024\/11\/d49a98a3.png\" alt=\"\"><\/span>\n                <h3 class=\"u-align-center u-text u-text-default u-text-19\"> Bescheinigung E9 EU\/EWR<\/h3>\n                <p class=\"u-align-center u-text u-text-20\">wniosek<\/p>\n              <\/div>\n            <\/div>\n            <div class=\"u-container-style u-list-item u-repeater-item\" data-href=\"https:\/\/spn-silesia.org\/druki\/druk_KG45-DE.pdf\" data-target=\"_blank\">\n              <div class=\"u-container-layout u-similar-container u-container-layout-11\"><span class=\"u-align-center u-file-icon u-icon u-icon-circle u-text-palette-2-base u-icon-11\"><img decoding=\"async\" src=\"https:\/\/spn-silesia.org\/wp-content\/uploads\/2024\/11\/d49a98a3.png\" alt=\"\"><\/span>\n                <h3 class=\"u-align-center u-text u-text-default u-text-21\"> druk-KG45-DE<\/h3>\n                <p class=\"u-align-center u-text u-text-22\">druk<\/p>\n              <\/div>\n            <\/div>\n            <div class=\"u-container-style u-list-item u-repeater-item\" data-href=\"https:\/\/spn-silesia.org\/druki\/zaswiadczenie_do_pracodawcy_o_skladkach_ZUS.pdf\" data-target=\"_blank\">\n              <div class=\"u-container-layout u-similar-container u-container-layout-12\"><span class=\"u-align-center u-file-icon u-icon u-icon-circle u-text-palette-2-base u-icon-12\"><img decoding=\"async\" src=\"https:\/\/spn-silesia.org\/wp-content\/uploads\/2024\/11\/d49a98a3.png\" alt=\"\"><\/span>\n                <h3 class=\"u-align-center u-text u-text-default u-text-23\"> druk sk\u0142adki ZUS<\/h3>\n                <p class=\"u-align-center u-text u-text-24\"> za\u015bwiadczenie do pracodawcy o sk\u0142adkach ZUS<\/p>\n              <\/div>\n            <\/div>\n            <div class=\"u-container-style u-list-item u-repeater-item\" data-href=\"https:\/\/spn-silesia.org\/druki\/zaswiadczenie_do_pracodawcy-wyjasnienie_kwot_steuerfrei.pdf\" data-target=\"_blank\">\n              <div class=\"u-container-layout u-similar-container u-container-layout-13\"><span class=\"u-align-center u-file-icon u-icon u-icon-circle u-text-palette-2-base u-icon-13\"><img decoding=\"async\" src=\"https:\/\/spn-silesia.org\/wp-content\/uploads\/2024\/11\/d49a98a3.png\" alt=\"\"><\/span>\n                <h3 class=\"u-align-center u-text u-text-default u-text-25\">druk STEUERFREI<\/h3>\n                <p class=\"u-align-center u-text u-text-26\"> za\u015bwiadczenie do pracodawcy wyja\u015bnienie kwot steuerfrei<\/p>\n              <\/div>\n            <\/div>\n            <div class=\"u-container-style u-list-item u-repeater-item\" data-href=\"https:\/\/spn-silesia.org\/druki\/konto.pdf\" data-target=\"_blank\">\n              <div class=\"u-container-layout u-similar-container u-container-layout-14\"><span class=\"u-align-center u-file-icon u-icon u-icon-circle u-text-palette-2-base u-icon-14\"><img decoding=\"async\" src=\"https:\/\/spn-silesia.org\/wp-content\/uploads\/2024\/11\/d49a98a3.png\" alt=\"\"><\/span>\n                <h3 class=\"u-align-center u-text u-text-default u-text-27\"> druk KONTO BANK&nbsp;<\/h3>\n                <p class=\"u-align-center u-text u-text-28\">informacje o koncie bankowym<\/p>\n              <\/div>\n            <\/div>\n            <div class=\"u-container-style u-list-item u-repeater-item\" data-href=\"https:\/\/spn-silesia.org\/druki\/dane_o_zameldowaniu.pdf\" data-target=\"_blank\">\n              <div class=\"u-container-layout u-similar-container u-container-layout-15\"><span class=\"u-align-center u-file-icon u-icon u-icon-circle u-text-palette-2-base u-icon-15\"><img decoding=\"async\" src=\"https:\/\/spn-silesia.org\/wp-content\/uploads\/2024\/11\/d49a98a3.png\" alt=\"\"><\/span>\n                <h3 class=\"u-align-center u-text u-text-default u-text-29\"> druk ZAMELDOWANIE<\/h3>\n                <p class=\"u-align-center u-text u-text-30\">za\u015bwiadczenie o zameldowaniu<\/p>\n              <\/div>\n            <\/div>\n          <\/div>\n        <\/div>\n        <div class=\"custom-expanded u-list u-list-2\">\n          <div class=\"u-repeater u-repeater-2\">\n            <div class=\"u-container-style u-list-item u-repeater-item\" data-href=\"https:\/\/spn-silesia.org\/druki\/darowizna.pdf\" data-target=\"_blank\">\n              <div class=\"u-container-layout u-similar-container u-container-layout-16\"><span class=\"u-align-center u-file-icon u-icon u-icon-circle u-text-palette-2-base u-icon-16\"><img decoding=\"async\" src=\"https:\/\/spn-silesia.org\/wp-content\/uploads\/2024\/11\/d49a98a3.png\" alt=\"\"><\/span>\n                <h3 class=\"u-align-center u-text u-text-default u-text-31\">druk \u015aWIADCZENIA<\/h3>\n                <p class=\"u-align-center u-text u-text-32\">o\u015bwiadczenie o zasi\u0142kach<\/p>\n              <\/div>\n            <\/div>\n            <div class=\"u-container-style u-list-item u-repeater-item\" data-href=\"https:\/\/spn-silesia.org\/druki\/budowy.pdf\" data-target=\"_blank\">\n              <div class=\"u-container-layout u-similar-container u-container-layout-17\"><span class=\"u-align-center u-file-icon u-icon u-icon-circle u-text-palette-2-base u-icon-17\"><img decoding=\"async\" src=\"https:\/\/spn-silesia.org\/wp-content\/uploads\/2024\/11\/d49a98a3.png\" alt=\"\"><\/span>\n                <h3 class=\"u-align-center u-text u-text-default u-text-33\"> druk BUDOWY<\/h3>\n                <p class=\"u-align-center u-text u-text-34\">wykaz bud\u00f3w<br>\n                <\/p>\n              <\/div>\n            <\/div>\n            <div class=\"u-container-style u-list-item u-repeater-item\" data-href=\"https:\/\/spn-silesia.org\/druki\/informacje_o_stanie_rodzinnym_w_polsce.pdf\" data-target=\"_blank\">\n              <div class=\"u-container-layout u-similar-container u-container-layout-18\"><span class=\"u-align-center u-file-icon u-icon u-icon-circle u-text-palette-2-base u-icon-18\"><img decoding=\"async\" src=\"https:\/\/spn-silesia.org\/wp-content\/uploads\/2024\/11\/d49a98a3.png\" alt=\"\"><\/span>\n                <h3 class=\"u-align-center u-text u-text-default u-text-35\">druk ROZLICZENIE<\/h3>\n                <p class=\"u-align-center u-text u-text-36\"> rozliczenie Austria poni\u017cej kwoty 15 000 \u20ac do 5 lat w ty\u0142 <\/p>\n              <\/div>\n            <\/div>\n          <\/div>\n        <\/div>\n      <\/div>\n    <\/section>\n    <section class=\"u-clearfix u-section-5\" id=\"sec-9b46\">\n      <div class=\"u-clearfix u-sheet u-valign-middle u-sheet-1\">\n        <a href=\"https:\/\/spn-silesia.org\/\" class=\"u-btn u-button-style u-none u-text-hover-palette-2-base u-text-palette-1-dark-1 u-btn-1\" data-animation-out=\"0\">POWR\u00d3T&nbsp;<span style=\"font-size: 1.125rem;\"><\/span>&nbsp;<span class=\"u-file-icon u-icon u-opacity u-opacity-90 u-text-palette-1-dark-1 u-icon-1\"><img decoding=\"async\" src=\"https:\/\/spn-silesia.org\/wp-content\/uploads\/2024\/11\/06c1ce5e.png\" alt=\"\"><\/span>\n        <\/a>\n      <\/div>\n    <\/section>\n    \n    \n    \n  \n","protected":false},"excerpt":{"rendered":"<p>Druki do pobrania druk KG-1-PL wniosek kindergeld druk KG-1-PL za\u0142\u0105cznik dziecko do wniosku druk KG-51-PL za\u0142\u0105cznik zagranica do wniosku druk KG-53-PL za\u015bwiadczenie sk\u0142ad rodziny druk KG-54-PL za\u015bwiadczenie pracodawcy druk KG-55-PL za\u015bwiadczenie o nauce druk KG-55d-PL za\u015bwiadczenie o sytuacji doros\u0142ego dziecka druk-KG11-DE za\u015bwiadczenie o sytuacji bezrobotnego dziecka Bescheinigung EU\/EWR wniosek Bescheinigung E9 EU\/EWR wniosek druk-KG45-DE druk &hellip; <a href=\"https:\/\/spn-silesia.org\/index.php\/do-pobrania\/\" class=\"more-link\">Continue reading<span class=\"screen-reader-text\"> &#8222;Do pobrania&#8221;<\/span><\/a><\/p>\n","protected":false},"author":1,"featured_media":0,"parent":0,"menu_order":8,"comment_status":"closed","ping_status":"closed","template":"","meta":{"footnotes":""},"class_list":["post-45","page","type-page","status-publish","hentry"],"_links":{"self":[{"href":"https:\/\/spn-silesia.org\/index.php\/wp-json\/wp\/v2\/pages\/45","targetHints":{"allow":["GET"]}}],"collection":[{"href":"https:\/\/spn-silesia.org\/index.php\/wp-json\/wp\/v2\/pages"}],"about":[{"href":"https:\/\/spn-silesia.org\/index.php\/wp-json\/wp\/v2\/types\/page"}],"author":[{"embeddable":true,"href":"https:\/\/spn-silesia.org\/index.php\/wp-json\/wp\/v2\/users\/1"}],"replies":[{"embeddable":true,"href":"https:\/\/spn-silesia.org\/index.php\/wp-json\/wp\/v2\/comments?post=45"}],"version-history":[{"count":11,"href":"https:\/\/spn-silesia.org\/index.php\/wp-json\/wp\/v2\/pages\/45\/revisions"}],"predecessor-version":[{"id":140,"href":"https:\/\/spn-silesia.org\/index.php\/wp-json\/wp\/v2\/pages\/45\/revisions\/140"}],"wp:attachment":[{"href":"https:\/\/spn-silesia.org\/index.php\/wp-json\/wp\/v2\/media?parent=45"}],"curies":[{"name":"wp","href":"https:\/\/api.w.org\/{rel}","templated":true}]}}